{"id":702,"date":"2020-04-24T13:40:28","date_gmt":"2020-04-24T13:40:28","guid":{"rendered":"http:\/\/cms.simanzik-foto.de\/?page_id=702"},"modified":"2020-06-29T08:35:43","modified_gmt":"2020-06-29T08:35:43","slug":"paare","status":"publish","type":"page","link":"https:\/\/alexandrasimanzik.de\/?page_id=702","title":{"rendered":"Paare"},"content":{"rendered":"<ul>\n<li>\n<p>        <img src=\"wp-content\/uploads\/IMG_6797.jpg\" alt=\"\"><\/p>\n<h3>IMG_6797<\/h3>\n<\/li>\n<li>\n<p>        <img src=\"wp-content\/uploads\/IMG_6281.jpg\" alt=\"\"><\/p>\n<h3>IMG_6281<\/h3>\n<\/li>\n<li>\n<p>        <img src=\"wp-content\/uploads\/IMG_97251.jpg\" alt=\"\"><\/p>\n<h3>IMG_9725(1)<\/h3>\n<\/li>\n<li>\n<p>        <img src=\"wp-content\/uploads\/IMG_8779.jpg\" alt=\"\"><\/p>\n<h3>IMG_8779<\/h3>\n<\/li>\n<\/ul>\n<h1>Paare<\/h1>\n<div>\n<p class=\"p1\"><span class=\"s1\">&#8230; lasst uns gemeinsam eine tolle Zeit verbringen- herumalbern, quatschen, lachen! Das mag ich am liebsten! <\/span><span class=\"s1\">Steifes Posing und gestelltes Lachen nicht so&#8230; Wenn ihr Spa\u00df habt, abschalten k\u00f6nnt und ihr im Moment seid, dann entstehen die Fotos ganz nebenbei!<\/span><\/p>\n<p class=\"p1\">Wenn ihr euch wohlf\u00fchlt und euren Herzensmenschen an eurer Seite habt- was soll da schon schiefgehen?!<\/p>\n<\/div>\n<ul>\n<li>\n<p>        <img src=\"wp-content\/uploads\/IMG_0427.jpg\" alt=\"\"><\/p>\n<h3>IMG_0427<\/h3>\n<\/li>\n<li>\n<p>        <img src=\"wp-content\/uploads\/IMG_0614.jpg\" alt=\"\"><\/p>\n<h3>IMG_0614<\/h3>\n<\/li>\n<li>\n<p>        <img src=\"wp-content\/uploads\/IMG_0677.jpg\" alt=\"\"><\/p>\n<h3>IMG_0677<\/h3>\n<\/li>\n<li>\n<p>        <img src=\"wp-content\/uploads\/IMG_0894.jpg\" alt=\"\"><\/p>\n<h3>IMG_0894<\/h3>\n<\/li>\n<li>\n<p>        <img src=\"wp-content\/uploads\/IMG_0926paare.jpg\" alt=\"\"><\/p>\n<h3>IMG_0926paare<\/h3>\n<\/li>\n<li>\n<p>        <img src=\"wp-content\/uploads\/IMG_1175.jpg\" alt=\"\"><\/p>\n<h3>IMG_1175<\/h3>\n<\/li>\n<li>\n<p>        <img src=\"wp-content\/uploads\/IMG_2691.jpg\" alt=\"\"><\/p>\n<h3>IMG_2691<\/h3>\n<\/li>\n<li>\n<p>        <img src=\"wp-content\/uploads\/IMG_2946.jpg\" alt=\"\"><\/p>\n<h3>IMG_2946<\/h3>\n<\/li>\n<li>\n<p>        <img src=\"wp-content\/uploads\/IMG_7589klein.jpg\" alt=\"\"><\/p>\n<h3>Neu IMG_3173<\/h3>\n<\/li>\n<li>\n<p>        <img src=\"wp-content\/uploads\/IMG_0054klein.jpg\" alt=\"\"><\/p>\n<h3>RAUS IMG_3382<\/h3>\n<\/li>\n<li>\n<p>        <img src=\"wp-content\/uploads\/IMG_3799.jpg\" alt=\"\"><\/p>\n<h3>IMG_3799<\/h3>\n<\/li>\n<li>\n<p>        <img src=\"wp-content\/uploads\/IMG_5051.jpg\" alt=\"\"><\/p>\n<h3>IMG_5051<\/h3>\n<\/li>\n<li>\n<p>        <img src=\"wp-content\/uploads\/IMG_5094.jpg\" alt=\"\"><\/p>\n<h3>IMG_5094<\/h3>\n<\/li>\n<li>\n<p>        <img src=\"wp-content\/uploads\/IMG_5107.jpg\" alt=\"\"><\/p>\n<h3>IMG_5107<\/h3>\n<\/li>\n<li>\n<p>        <img src=\"wp-content\/uploads\/IMG_5222.jpg\" alt=\"\"><\/p>\n<h3>IMG_5222<\/h3>\n<\/li>\n<li>\n<p>        <img src=\"wp-content\/uploads\/IMG_5254-2.jpg\" alt=\"\"><\/p>\n<h3>IMG_5254-2<\/h3>\n<\/li>\n<li>\n<p>        <img src=\"wp-content\/uploads\/IMG_5333-2.jpg\" alt=\"\"><\/p>\n<h3>IMG_5333-2<\/h3>\n<\/li>\n<li>\n<p>        <img src=\"wp-content\/uploads\/IMG_5339-2.jpg\" alt=\"\"><\/p>\n<h3>IMG_5339-2<\/h3>\n<\/li>\n<li>\n<p>        <img src=\"wp-content\/uploads\/IMG_5837.jpg\" alt=\"\"><\/p>\n<h3>IMG_5837<\/h3>\n<\/li>\n<li>\n<p>        <img src=\"wp-content\/uploads\/IMG_5909.jpg\" alt=\"\"><\/p>\n<h3>IMG_5909<\/h3>\n<\/li>\n<li>\n<p>        <img src=\"wp-content\/uploads\/IMG_5963.jpg\" alt=\"\"><\/p>\n<h3>IMG_5963<\/h3>\n<\/li>\n<li>\n<p>        <img src=\"wp-content\/uploads\/IMG_5983.jpg\" alt=\"\"><\/p>\n<h3>IMG_5983<\/h3>\n<\/li>\n<li>\n<p>        <img src=\"wp-content\/uploads\/IMG_6099.jpg\" alt=\"\"><\/p>\n<h3>IMG_6099<\/h3>\n<\/li>\n<li>\n<p>        <img src=\"wp-content\/uploads\/IMG_6211.jpg\" alt=\"\"><\/p>\n<h3>IMG_6211<\/h3>\n<\/li>\n<li>\n<p>        <img src=\"wp-content\/uploads\/IMG_6281.jpg\" alt=\"\"><\/p>\n<h3>IMG_6281<\/h3>\n<\/li>\n<li>\n<p>        <img src=\"wp-content\/uploads\/IMG_6292.jpg\" alt=\"\"><\/p>\n<h3>IMG_6292<\/h3>\n<\/li>\n<li>\n<p>        <img src=\"wp-content\/uploads\/IMG_6347.jpg\" alt=\"\"><\/p>\n<h3>IMG_6347<\/h3>\n<\/li>\n<li>\n<p>        <img src=\"wp-content\/uploads\/IMG_6399.jpg\" alt=\"\"><\/p>\n<h3>IMG_6399<\/h3>\n<\/li>\n<li>\n<p>        <img src=\"wp-content\/uploads\/IMG_6425.jpg\" alt=\"\"><\/p>\n<h3>IMG_6425<\/h3>\n<\/li>\n<li>\n<p>        <img src=\"wp-content\/uploads\/IMG_6474.jpg\" alt=\"\"><\/p>\n<h3>IMG_6474<\/h3>\n<\/li>\n<li>\n<p>        <img src=\"wp-content\/uploads\/IMG_6797.jpg\" alt=\"\"><\/p>\n<h3>IMG_6797<\/h3>\n<\/li>\n<li>\n<p>        <img src=\"wp-content\/uploads\/IMG_6859.jpg\" alt=\"\"><\/p>\n<h3>IMG_6859<\/h3>\n<\/li>\n<li>\n<p>        <img src=\"wp-content\/uploads\/IMG_69491.jpg\" alt=\"\"><\/p>\n<h3>IMG_6949(1)<\/h3>\n<\/li>\n<li>\n<p>        <img src=\"wp-content\/uploads\/IMG_7004.jpg\" alt=\"\"><\/p>\n<h3>IMG_7004<\/h3>\n<\/li>\n<li>\n<p>        <img src=\"wp-content\/uploads\/IMG_7181.jpg\" alt=\"\"><\/p>\n<h3>IMG_7181<\/h3>\n<\/li>\n<li>\n<p>        <img src=\"wp-content\/uploads\/IMG_7217.jpg\" alt=\"\"><\/p>\n<h3>IMG_7217<\/h3>\n<\/li>\n<li>\n<p>        <img src=\"wp-content\/uploads\/IMG_7351.jpg\" alt=\"\"><\/p>\n<h3>IMG_7351<\/h3>\n<\/li>\n<li>\n<p>        <img src=\"wp-content\/uploads\/IMG_7387.jpg\" alt=\"\"><\/p>\n<h3>IMG_7387<\/h3>\n<\/li>\n<li>\n<p>        <img src=\"wp-content\/uploads\/IMG_8572.jpg\" alt=\"\"><\/p>\n<h3>IMG_8572<\/h3>\n<\/li>\n<li>\n<p>        <img src=\"wp-content\/uploads\/IMG_8779.jpg\" alt=\"\"><\/p>\n<h3>IMG_8779<\/h3>\n<\/li>\n<li>\n<p>        <img src=\"wp-content\/uploads\/IMG_8821.jpg\" alt=\"\"><\/p>\n<h3>IMG_8821<\/h3>\n<\/li>\n<li>\n<p>        <img src=\"wp-content\/uploads\/IMG_8975.jpg\" alt=\"\"><\/p>\n<h3>IMG_8975<\/h3>\n<\/li>\n<li>\n<p>        <img src=\"wp-content\/uploads\/IMG_9014.jpg\" alt=\"\"><\/p>\n<h3>IMG_9014<\/h3>\n<\/li>\n<li>\n<p>        <img src=\"wp-content\/uploads\/IMG_9330.jpg\" alt=\"\"><\/p>\n<h3>IMG_9330<\/h3>\n<\/li>\n<li>\n<p>        <img src=\"wp-content\/uploads\/IMG_9677.jpg\" alt=\"\"><\/p>\n<h3>IMG_9677<\/h3>\n<\/li>\n<li>\n<p>        <img src=\"wp-content\/uploads\/IMG_97251.jpg\" alt=\"\"><\/p>\n<h3>IMG_9725(1)<\/h3>\n<\/li>\n<li>\n<p>        <img src=\"wp-content\/uploads\/IMG_9550.jpg\" alt=\"\"><\/p>\n<h3>IMG_9550<\/h3>\n<\/li>\n<li>\n<p>        <img src=\"wp-content\/uploads\/IMG_7002klein.jpg\" alt=\"\"><\/p>\n<\/li>\n<\/ul>\n<p><!-- {\"children\":[{\"name\":\"Slider Galerie\",\"type\":\"section\",\"props\":{\"width\":\"\",\"padding\":\"small\",\"style\":\"default\",\"text_color\":\"light\",\"media\":\"images\\\/home-header.jpg\",\"height_viewport\":true,\"header_overlay\":\"light\",\"image\":\"\",\"media_advanced\":true,\"image_size\":\"cover\",\"media_background\":\"#fff\",\"media_overlay\":null,\"height\":\"full\",\"animation\":\"fade\",\"header_transparent\":\"dark\",\"image_fixed\":false,\"image_position\":\"\",\"vertical_align\":\"\",\"title_position\":\"top-left\",\"title_rotation\":\"left\",\"title_breakpoint\":\"xl\",\"image_width\":\"2500\",\"image_effect\":\"\",\"width_expand\":\"\",\"padding_remove_bottom\":true,\"padding_remove_top\":true,\"status\":\"\",\"header_transparent_noplaceholder\":true},\"children\":[{\"name\":\"\",\"type\":\"row\",\"props\":{\"layout\":\"1-1\",\"breakpoint\":\"m\",\"fixed_width\":\"large\",\"margin\":\"large\",\"column_gap\":\"large\",\"row_gap\":\"large\",\"width\":\"\",\"width_expand\":\"\",\"height\":\"\",\"margin_remove_bottom\":true},\"children\":[{\"name\":\"\",\"type\":\"column\",\"props\":{\"image_position\":\"center-center\",\"media_overlay_gradient\":\"\",\"vertical_align\":\"\",\"style\":\"\",\"text_color\":\"\",\"padding\":\"\"},\"children\":[{\"type\":\"slideshow\",\"props\":{\"show_title\":false,\"show_meta\":false,\"show_content\":true,\"show_link\":true,\"show_thumbnail\":true,\"slideshow_min_height\":300,\"slideshow_autoplay_pause\":true,\"nav\":\"dotnav\",\"nav_position\":\"bottom-center\",\"nav_position_margin\":\"medium\",\"nav_align\":\"center\",\"nav_breakpoint\":\"s\",\"thumbnav_width\":\"100\",\"thumbnav_height\":\"75\",\"thumbnav_svg_color\":\"emphasis\",\"slidenav\":\"bottom-right\",\"slidenav_margin\":\"medium\",\"slidenav_breakpoint\":\"s\",\"slidenav_outside_breakpoint\":\"xl\",\"overlay_position\":\"bottom-left\",\"overlay_animation\":\"parallax\",\"title_element\":\"h3\",\"meta_style\":\"h3\",\"meta_align\":\"below-title\",\"link_text\":\"Read more\",\"link_style\":\"default\",\"margin\":\"default\",\"slideshow_height\":\"full\",\"text_color\":\"\",\"slideshow_box_shadow\":\"\",\"slideshow_box_decoration\":\"\",\"slideshow_animation\":\"\",\"slideshow_kenburns\":\"\",\"nav_margin\":\"\",\"nav_color\":\"\",\"slidenav_outside_color\":\"\",\"overlay_container\":\"large\",\"overlay_container_padding\":\"\",\"overlay_margin\":\"\",\"overlay_style\":\"overlay-primary\",\"overlay_padding\":\"\",\"overlay_width\":\"\",\"title_style\":\"h2\",\"title_decoration\":\"\",\"title_font_family\":\"\",\"title_color\":\"\",\"title_margin\":\"\",\"meta_color\":\"\",\"meta_margin\":\"\",\"content_style\":\"\",\"content_margin\":\"\",\"link_size\":\"\",\"link_margin\":\"\",\"position\":\"\",\"position_z_index\":\"\",\"maxwidth\":\"\",\"maxwidth_breakpoint\":\"\",\"block_align\":\"\",\"block_align_breakpoint\":\"\",\"block_align_fallback\":\"\",\"text_align\":\"\",\"text_align_breakpoint\":\"\",\"text_align_fallback\":\"\",\"animation\":\"\",\"visibility\":\"\",\"margin_remove_top\":true,\"container_padding_remove\":true,\"slidenav_hover\":false,\"nav_below\":true},\"children\":[{\"type\":\"slideshow_item\",\"props\":{\"title\":\"IMG_6797\",\"image\":\"wp-content\\\/uploads\\\/IMG_6797.jpg\"}},{\"type\":\"slideshow_item\",\"props\":{\"title\":\"IMG_6281\",\"image\":\"wp-content\\\/uploads\\\/IMG_6281.jpg\"}},{\"type\":\"slideshow_item\",\"props\":{\"title\":\"IMG_9725(1)\",\"image\":\"wp-content\\\/uploads\\\/IMG_97251.jpg\"}},{\"type\":\"slideshow_item\",\"props\":{\"title\":\"IMG_8779\",\"image\":\"wp-content\\\/uploads\\\/IMG_8779.jpg\"}}]}]}]}]},{\"type\":\"section\",\"props\":{\"style\":\"default\",\"width\":\"small\",\"vertical_align\":\"middle\",\"title_position\":\"top-left\",\"title_rotation\":\"left\",\"title_breakpoint\":\"xl\",\"image_position\":\"center-center\",\"text_color\":\"\",\"width_expand\":\"\",\"height\":\"\",\"padding\":\"\",\"header_transparent\":\"\",\"animation\":\"\",\"padding_remove_bottom\":true},\"children\":[{\"type\":\"row\",\"props\":{\"layout\":\"1-1\",\"breakpoint\":\"m\",\"fixed_width\":\"large\",\"column_gap\":\"\",\"row_gap\":\"\",\"width\":\"\",\"width_expand\":\"\",\"height\":\"\",\"margin\":\"\"},\"children\":[{\"type\":\"column\",\"props\":{\"image_position\":\"center-center\",\"media_overlay_gradient\":\"\",\"vertical_align\":\"\",\"style\":\"\",\"text_color\":\"\",\"padding\":\"\"},\"children\":[{\"type\":\"headline\",\"props\":{\"title_element\":\"h1\",\"title_style\":\"\",\"title_decoration\":\"\",\"title_font_family\":\"\",\"title_color\":\"\",\"position\":\"\",\"position_z_index\":\"\",\"margin\":\"\",\"maxwidth\":\"\",\"maxwidth_breakpoint\":\"\",\"block_align\":\"\",\"block_align_breakpoint\":\"\",\"block_align_fallback\":\"\",\"text_align\":\"center\",\"text_align_breakpoint\":\"\",\"text_align_fallback\":\"\",\"animation\":\"\",\"visibility\":\"\",\"content\":\"Paare\"}},{\"type\":\"text\",\"props\":{\"margin\":\"default\",\"column_breakpoint\":\"m\",\"text_style\":\"\",\"text_color\":\"\",\"text_size\":\"\",\"column\":\"\",\"position\":\"\",\"position_z_index\":\"\",\"maxwidth\":\"\",\"maxwidth_breakpoint\":\"\",\"block_align\":\"\",\"block_align_breakpoint\":\"\",\"block_align_fallback\":\"\",\"text_align\":\"center\",\"text_align_breakpoint\":\"\",\"text_align_fallback\":\"\",\"animation\":\"\",\"visibility\":\"\",\"content\":\"\n\n<p class=\\\"p1\\\"><span class=\\\"s1\\\">... lasst uns gemeinsam eine tolle Zeit verbringen- herumalbern, quatschen, lachen! Das mag ich am liebsten! <\\\/span><span class=\\\"s1\\\">Steifes Posing und gestelltes Lachen nicht so... Wenn ihr Spa\\u00df habt, abschalten k\\u00f6nnt und ihr im Moment seid, dann entstehen die Fotos ganz nebenbei!<\\\/span><\\\/p>\\n\n\n<p class=\\\"p1\\\">Wenn ihr euch wohlf\\u00fchlt und euren Herzensmenschen an eurer Seite habt- was soll da schon schiefgehen?!<\\\/p>\"}}]}]}],\"name\":\"Inhalt\"},{\"name\":\"Galerie\",\"type\":\"section\",\"props\":{\"style\":\"default\",\"width\":\"\",\"vertical_align\":\"middle\",\"title_position\":\"top-left\",\"title_rotation\":\"left\",\"title_breakpoint\":\"xl\",\"image_position\":\"top-center\",\"padding\":\"small\",\"css\":\".el-section { \\n\\tbackground: linear-gradient(to bottom, rgba(255,255,255,0) 600px, rgba(0,0,0,0.025) 600px) 0 0 no-repeat, rgba(255,255,255,0);\\n}\",\"image\":\"\",\"animation\":\"slide-left-small\",\"animation_delay\":true,\"image_effect\":\"\",\"text_color\":\"\",\"width_expand\":\"\",\"height\":\"\",\"header_transparent\":\"\",\"id\":\"galerie\",\"padding_remove_top\":false},\"children\":[{\"name\":\"\",\"type\":\"row\",\"props\":{\"fixed_width\":\"large\",\"breakpoint\":\"m\",\"layout\":\"1-1\",\"width\":\"expand\",\"column_gap\":\"\",\"row_gap\":\"\",\"width_expand\":\"\",\"height\":\"\",\"margin\":\"\"},\"children\":[{\"name\":\"\",\"type\":\"column\",\"props\":{\"image_position\":\"center-center\",\"media_overlay_gradient\":\"\",\"vertical_align\":\"\",\"style\":\"\",\"text_color\":\"\",\"padding\":\"\"},\"children\":[{\"name\":\"\",\"type\":\"gallery\",\"props\":{\"show_title\":false,\"show_meta\":false,\"show_content\":true,\"show_link\":true,\"show_hover_image\":true,\"grid_default\":\"1\",\"grid_medium\":\"3\",\"filter_style\":\"tab\",\"filter_all\":true,\"filter_position\":\"top\",\"filter_align\":\"center\",\"filter_grid_width\":\"auto\",\"overlay_mode\":\"cover\",\"overlay_position\":\"bottom-left\",\"overlay_transition\":\"slide-bottom-small\",\"title_element\":\"h3\",\"meta_style\":\"meta\",\"meta_align\":\"above-title\",\"text_align\":\"\",\"margin\":\"default\",\"grid_masonry\":true,\"filter\":true,\"text_color\":\"light\",\"title_style\":\"h4\",\"meta_margin\":\"\",\"grid_large\":\"4\",\"overlay_padding\":\"\",\"overlay_hover\":true,\"overlay_style\":\"overlay-default\",\"grid_small\":\"2\",\"image_width\":\"630\",\"title_margin\":\"small\",\"link_type\":\"element\",\"link_text\":\"Read more\",\"link_style\":\"default\",\"item_animation\":\"\",\"grid_column_gap\":\"\",\"grid_row_gap\":\"\",\"filter_grid_breakpoint\":\"m\",\"grid_xlarge\":\"\",\"filter_margin\":\"\",\"filter_grid_column_gap\":\"\",\"filter_grid_row_gap\":\"\",\"title_display\":\"\",\"content_display\":\"\",\"item_maxwidth\":\"\",\"overlay_margin\":\"\",\"overlay_maxwidth\":\"\",\"image_transition\":\"\",\"image_box_shadow\":\"\",\"image_hover_box_shadow\":\"\",\"image_box_decoration\":\"\",\"title_transition\":\"\",\"title_decoration\":\"\",\"title_font_family\":\"\",\"title_color\":\"\",\"meta_transition\":\"\",\"meta_color\":\"\",\"content_transition\":\"\",\"content_style\":\"\",\"content_margin\":\"\",\"link_transition\":\"\",\"link_size\":\"\",\"link_margin\":\"\",\"position\":\"\",\"position_z_index\":\"\",\"maxwidth\":\"\",\"maxwidth_breakpoint\":\"\",\"block_align\":\"\",\"block_align_breakpoint\":\"\",\"block_align_fallback\":\"\",\"text_align_breakpoint\":\"\",\"text_align_fallback\":\"\",\"visibility\":\"\",\"filter_all_label\":\"Alle\",\"lightbox\":true},\"children\":[{\"type\":\"gallery_item\",\"props\":{\"title\":\"IMG_0427\",\"image\":\"wp-content\\\/uploads\\\/IMG_0427.jpg\"}},{\"type\":\"gallery_item\",\"props\":{\"title\":\"IMG_0614\",\"image\":\"wp-content\\\/uploads\\\/IMG_0614.jpg\"}},{\"type\":\"gallery_item\",\"props\":{\"title\":\"IMG_0677\",\"image\":\"wp-content\\\/uploads\\\/IMG_0677.jpg\"}},{\"type\":\"gallery_item\",\"props\":{\"title\":\"IMG_0894\",\"image\":\"wp-content\\\/uploads\\\/IMG_0894.jpg\"}},{\"type\":\"gallery_item\",\"props\":{\"title\":\"IMG_0926paare\",\"image\":\"wp-content\\\/uploads\\\/IMG_0926paare.jpg\"}},{\"type\":\"gallery_item\",\"props\":{\"title\":\"IMG_1175\",\"image\":\"wp-content\\\/uploads\\\/IMG_1175.jpg\"}},{\"type\":\"gallery_item\",\"props\":{\"title\":\"IMG_2691\",\"image\":\"wp-content\\\/uploads\\\/IMG_2691.jpg\"}},{\"type\":\"gallery_item\",\"props\":{\"title\":\"IMG_2946\",\"image\":\"wp-content\\\/uploads\\\/IMG_2946.jpg\"}},{\"type\":\"gallery_item\",\"props\":{\"title\":\"Neu IMG_3173\",\"image\":\"wp-content\\\/uploads\\\/IMG_7589klein.jpg\",\"text_color\":\"\"}},{\"type\":\"gallery_item\",\"props\":{\"title\":\"RAUS IMG_3382\",\"image\":\"wp-content\\\/uploads\\\/IMG_0054klein.jpg\",\"text_color\":\"\"}},{\"type\":\"gallery_item\",\"props\":{\"title\":\"IMG_3799\",\"image\":\"wp-content\\\/uploads\\\/IMG_3799.jpg\"}},{\"type\":\"gallery_item\",\"props\":{\"title\":\"IMG_5051\",\"image\":\"wp-content\\\/uploads\\\/IMG_5051.jpg\"}},{\"type\":\"gallery_item\",\"props\":{\"title\":\"IMG_5094\",\"image\":\"wp-content\\\/uploads\\\/IMG_5094.jpg\"}},{\"type\":\"gallery_item\",\"props\":{\"title\":\"IMG_5107\",\"image\":\"wp-content\\\/uploads\\\/IMG_5107.jpg\"}},{\"type\":\"gallery_item\",\"props\":{\"title\":\"IMG_5222\",\"image\":\"wp-content\\\/uploads\\\/IMG_5222.jpg\"}},{\"type\":\"gallery_item\",\"props\":{\"title\":\"IMG_5254-2\",\"image\":\"wp-content\\\/uploads\\\/IMG_5254-2.jpg\"}},{\"type\":\"gallery_item\",\"props\":{\"title\":\"IMG_5333-2\",\"image\":\"wp-content\\\/uploads\\\/IMG_5333-2.jpg\"}},{\"type\":\"gallery_item\",\"props\":{\"title\":\"IMG_5339-2\",\"image\":\"wp-content\\\/uploads\\\/IMG_5339-2.jpg\"}},{\"type\":\"gallery_item\",\"props\":{\"title\":\"IMG_5837\",\"image\":\"wp-content\\\/uploads\\\/IMG_5837.jpg\"}},{\"type\":\"gallery_item\",\"props\":{\"title\":\"IMG_5909\",\"image\":\"wp-content\\\/uploads\\\/IMG_5909.jpg\"}},{\"type\":\"gallery_item\",\"props\":{\"title\":\"IMG_5963\",\"image\":\"wp-content\\\/uploads\\\/IMG_5963.jpg\"}},{\"type\":\"gallery_item\",\"props\":{\"title\":\"IMG_5983\",\"image\":\"wp-content\\\/uploads\\\/IMG_5983.jpg\"}},{\"type\":\"gallery_item\",\"props\":{\"title\":\"IMG_6099\",\"image\":\"wp-content\\\/uploads\\\/IMG_6099.jpg\"}},{\"type\":\"gallery_item\",\"props\":{\"title\":\"IMG_6211\",\"image\":\"wp-content\\\/uploads\\\/IMG_6211.jpg\"}},{\"type\":\"gallery_item\",\"props\":{\"title\":\"IMG_6281\",\"image\":\"wp-content\\\/uploads\\\/IMG_6281.jpg\"}},{\"type\":\"gallery_item\",\"props\":{\"title\":\"IMG_6292\",\"image\":\"wp-content\\\/uploads\\\/IMG_6292.jpg\"}},{\"type\":\"gallery_item\",\"props\":{\"title\":\"IMG_6347\",\"image\":\"wp-content\\\/uploads\\\/IMG_6347.jpg\"}},{\"type\":\"gallery_item\",\"props\":{\"title\":\"IMG_6399\",\"image\":\"wp-content\\\/uploads\\\/IMG_6399.jpg\"}},{\"type\":\"gallery_item\",\"props\":{\"title\":\"IMG_6425\",\"image\":\"wp-content\\\/uploads\\\/IMG_6425.jpg\"}},{\"type\":\"gallery_item\",\"props\":{\"title\":\"IMG_6474\",\"image\":\"wp-content\\\/uploads\\\/IMG_6474.jpg\"}},{\"type\":\"gallery_item\",\"props\":{\"title\":\"IMG_6797\",\"image\":\"wp-content\\\/uploads\\\/IMG_6797.jpg\"}},{\"type\":\"gallery_item\",\"props\":{\"title\":\"IMG_6859\",\"image\":\"wp-content\\\/uploads\\\/IMG_6859.jpg\"}},{\"type\":\"gallery_item\",\"props\":{\"title\":\"IMG_6949(1)\",\"image\":\"wp-content\\\/uploads\\\/IMG_69491.jpg\"}},{\"type\":\"gallery_item\",\"props\":{\"title\":\"IMG_7004\",\"image\":\"wp-content\\\/uploads\\\/IMG_7004.jpg\"}},{\"type\":\"gallery_item\",\"props\":{\"title\":\"IMG_7181\",\"image\":\"wp-content\\\/uploads\\\/IMG_7181.jpg\"}},{\"type\":\"gallery_item\",\"props\":{\"title\":\"IMG_7217\",\"image\":\"wp-content\\\/uploads\\\/IMG_7217.jpg\"}},{\"type\":\"gallery_item\",\"props\":{\"title\":\"IMG_7351\",\"image\":\"wp-content\\\/uploads\\\/IMG_7351.jpg\"}},{\"type\":\"gallery_item\",\"props\":{\"title\":\"IMG_7387\",\"image\":\"wp-content\\\/uploads\\\/IMG_7387.jpg\"}},{\"type\":\"gallery_item\",\"props\":{\"title\":\"IMG_8572\",\"image\":\"wp-content\\\/uploads\\\/IMG_8572.jpg\"}},{\"type\":\"gallery_item\",\"props\":{\"title\":\"IMG_8779\",\"image\":\"wp-content\\\/uploads\\\/IMG_8779.jpg\"}},{\"type\":\"gallery_item\",\"props\":{\"title\":\"IMG_8821\",\"image\":\"wp-content\\\/uploads\\\/IMG_8821.jpg\"}},{\"type\":\"gallery_item\",\"props\":{\"title\":\"IMG_8975\",\"image\":\"wp-content\\\/uploads\\\/IMG_8975.jpg\"}},{\"type\":\"gallery_item\",\"props\":{\"title\":\"IMG_9014\",\"image\":\"wp-content\\\/uploads\\\/IMG_9014.jpg\"}},{\"type\":\"gallery_item\",\"props\":{\"title\":\"IMG_9330\",\"image\":\"wp-content\\\/uploads\\\/IMG_9330.jpg\"}},{\"type\":\"gallery_item\",\"props\":{\"title\":\"IMG_9677\",\"image\":\"wp-content\\\/uploads\\\/IMG_9677.jpg\"}},{\"type\":\"gallery_item\",\"props\":{\"title\":\"IMG_9725(1)\",\"image\":\"wp-content\\\/uploads\\\/IMG_97251.jpg\"}},{\"type\":\"gallery_item\",\"props\":{\"title\":\"IMG_9550\",\"image\":\"wp-content\\\/uploads\\\/IMG_9550.jpg\"}},{\"type\":\"gallery_item\",\"props\":{\"text_color\":\"\",\"image\":\"wp-content\\\/uploads\\\/IMG_7002klein.jpg\"}}]}]}]}]}],\"version\":\"1.22.8\",\"type\":\"layout\",\"props\":[]} --><\/p>\n","protected":false},"excerpt":{"rendered":"<p>IMG_6797 IMG_6281 IMG_9725(1) IMG_8779 Paare &#8230; lasst uns gemeinsam eine tolle Zeit verbringen- herumalbern, quatschen, lachen! Das mag ich am liebsten! Steifes Posing und gestelltes Lachen nicht so&#8230; Wenn ihr Spa\u00df habt, abschalten k\u00f6nnt und ihr im Moment seid, dann entstehen die Fotos ganz nebenbei! Wenn ihr euch wohlf\u00fchlt und euren Herzensmenschen an eurer Seite [&hellip;]<\/p>\n","protected":false},"author":1,"featured_media":0,"parent":0,"menu_order":0,"comment_status":"closed","ping_status":"closed","template":"","meta":[],"_links":{"self":[{"href":"https:\/\/alexandrasimanzik.de\/index.php?rest_route=\/wp\/v2\/pages\/702"}],"collection":[{"href":"https:\/\/alexandrasimanzik.de\/index.php?rest_route=\/wp\/v2\/pages"}],"about":[{"href":"https:\/\/alexandrasimanzik.de\/index.php?rest_route=\/wp\/v2\/types\/page"}],"author":[{"embeddable":true,"href":"https:\/\/alexandrasimanzik.de\/index.php?rest_route=\/wp\/v2\/users\/1"}],"replies":[{"embeddable":true,"href":"https:\/\/alexandrasimanzik.de\/index.php?rest_route=%2Fwp%2Fv2%2Fcomments&post=702"}],"version-history":[{"count":8,"href":"https:\/\/alexandrasimanzik.de\/index.php?rest_route=\/wp\/v2\/pages\/702\/revisions"}],"predecessor-version":[{"id":1132,"href":"https:\/\/alexandrasimanzik.de\/index.php?rest_route=\/wp\/v2\/pages\/702\/revisions\/1132"}],"wp:attachment":[{"href":"https:\/\/alexandrasimanzik.de\/index.php?rest_route=%2Fwp%2Fv2%2Fmedia&parent=702"}],"curies":[{"name":"wp","href":"https:\/\/api.w.org\/{rel}","templated":true}]}}