{"id":26,"date":"2018-07-02T08:00:21","date_gmt":"2018-07-02T08:00:21","guid":{"rendered":"http:\/\/localhost\/yootheme_pro\/2018\/Yard\/Website_WP\/index.php\/contact\/"},"modified":"2026-01-27T09:00:07","modified_gmt":"2026-01-27T09:00:07","slug":"kontakt","status":"publish","type":"page","link":"https:\/\/alexandrasimanzik.de\/?page_id=26","title":{"rendered":"Kontakt"},"content":{"rendered":"<h2>\n<p class=\"p1\"><span class=\"s1\">\u2026 schreibt mir!<\/span><\/p>\n<\/h2>\n<div>\n<p class=\"p1\"><span class=\"s1\">Wenn ihr Fragen zu einem Fotoshooting habt oder mich f\u00fcr eure Hochzeit anfragen m\u00f6chtet, egal, was es ist, dann freue ich mich darauf mehr von euch zu erfahren und euch kennenzulernen!<\/span><\/p>\n<\/div>\n<div>02351 6700 535<\/div>\n<div>info@alexandrasimanzik.de<\/div>\n<ul>\n<li><a href=\"https:\/\/www.instagram.com\/alexandrasimanzikfotografie\/\">instagram<\/a><\/li>\n<li><a href=\"https:\/\/www.facebook.com\/alexandrasimanzikfotografie\">facebook<\/a><\/li>\n<\/ul>\n<h4>\n<p class=\"p1\">Kontaktformular<\/p>\n<\/h4>\n<div>\n<p class=\"p1\"><span class=\"s1\">Da mir der pers\u00f6nliche Kontakt zu euch sehr wichtig ist, w\u00fcrde ich mich schon bei eurer Anfrage \u00fcber ein paar genauere Details zu euch freuen. <\/span><span class=\"s1\">Neben Hochzeiten k\u00f6nnt ihr nat\u00fcrlich auch gerne Paarshootings, Familien- oder Portraitshootings aller Art bei mir buchen. Falls ihr tolle Ideen habt, seid einfach offen und erz\u00e4hlt mir davon.<\/span><\/p>\n<p class=\"p1\"><span class=\"s1\">Ich freue mich \u00fcber ein paar pers\u00f6nliche Worte zu euch, wer ihr seid und wie eure W\u00fcnsche und Vorstellungen sind. <\/span><span class=\"s1\">So kann ich eure Anfrage schnell beantworten und detailliert auf eure Anfrage eingehen.\u00a0<\/span><\/p>\n<\/div>\n<div>\n<div role=\"form\" class=\"wpcf7\" id=\"wpcf7-f709-o1\" lang=\"de-DE\" dir=\"ltr\">\n<div class=\"screen-reader-response\"><p role=\"status\" aria-live=\"polite\" aria-atomic=\"true\"><\/p> <ul><\/ul><\/div>\n<form action=\"\/index.php?rest_route=%2Fwp%2Fv2%2Fpages%2F26#wpcf7-f709-o1\" method=\"post\" class=\"wpcf7-form init\" novalidate=\"novalidate\" data-status=\"init\">\n<div style=\"display: none;\">\n<input type=\"hidden\" name=\"_wpcf7\" value=\"709\" \/>\n<input type=\"hidden\" name=\"_wpcf7_version\" value=\"5.5.4\" \/>\n<input type=\"hidden\" name=\"_wpcf7_locale\" value=\"de_DE\" \/>\n<input type=\"hidden\" name=\"_wpcf7_unit_tag\" value=\"wpcf7-f709-o1\" \/>\n<input type=\"hidden\" name=\"_wpcf7_container_post\" value=\"0\" \/>\n<input type=\"hidden\" name=\"_wpcf7_posted_data_hash\" value=\"\" \/>\n<\/div>\n<p><label> Vorname, Name: (Pflichtfeld)<br \/>\n    <span class=\"wpcf7-form-control-wrap your-name\"><input type=\"text\" name=\"your-name\" value=\"\" size=\"40\" class=\"wpcf7-form-control wpcf7-text wpcf7-validates-as-required uk-input\" aria-required=\"true\" aria-invalid=\"false\" \/><\/span> <\/label><\/p>\n<p><label> Deine E-Mail-Adresse: (Pflichtfeld)<br \/>\n    <span class=\"wpcf7-form-control-wrap your-email\"><input type=\"email\" name=\"your-email\" value=\"\" size=\"40\" class=\"wpcf7-form-control wpcf7-text wpcf7-email wpcf7-validates-as-required wpcf7-validates-as-email uk-input\" aria-required=\"true\" aria-invalid=\"false\" \/><\/span> <\/label><\/p>\n<p><label> Wie kann Euch weiterhelfen?<br \/>\n<span class=\"wpcf7-form-control-wrap menu-568\"><select name=\"menu-568\" class=\"wpcf7-form-control wpcf7-select wpcf7-validates-as-required uk-select\" aria-required=\"true\" aria-invalid=\"false\"><option value=\"\">---<\/option><option value=\"Hochzeit\">Hochzeit<\/option><option value=\"Fotoshooting\">Fotoshooting<\/option><option value=\"Sonstiges\">Sonstiges<\/option><\/select><\/span><\/label><\/p>\n<p><label> Hochzeitsdatum:<br \/>\n<span class=\"wpcf7-form-control-wrap Hochzeitsdatum\"><input type=\"date\" name=\"Hochzeitsdatum\" value=\"JJJJ-MM-TT\" class=\"wpcf7-form-control wpcf7-date wpcf7-validates-as-date\" aria-invalid=\"false\" \/><\/span> <\/label><\/p>\n<p><label>Stil der Trauung:<br \/>\n<span class=\"wpcf7-form-control-wrap StilderTrauung\"><select name=\"StilderTrauung\" class=\"wpcf7-form-control wpcf7-select uk-select\" aria-invalid=\"false\"><option value=\"\">---<\/option><option value=\"Vintage \/ Rustikal\">Vintage \/ Rustikal<\/option><option value=\"Boho\">Boho<\/option><option value=\"Klassisch\">Klassisch<\/option><option value=\"Sonstiges\">Sonstiges<\/option><\/select><\/span><\/label><\/p>\n<p><label>Art der Trauung:<br \/>\n<span class=\"wpcf7-form-control-wrap ArtderTrauung\"><select name=\"ArtderTrauung\" class=\"wpcf7-form-control wpcf7-select uk-select\" aria-invalid=\"false\"><option value=\"\">---<\/option><option value=\"freie Trauung\">freie Trauung<\/option><option value=\"Kirche\">Kirche<\/option><option value=\"Standesamt\">Standesamt<\/option><option value=\"Sonstiges\">Sonstiges<\/option><\/select><\/span><\/label><\/p>\n<p><label>Wie habt ihr mich gefunden?<br \/>\n<span class=\"wpcf7-form-control-wrap Wiehabtihrmichgefunden\"><select name=\"Wiehabtihrmichgefunden\" class=\"wpcf7-form-control wpcf7-select uk-select\" aria-invalid=\"false\"><option value=\"\">---<\/option><option value=\"Instagram\">Instagram<\/option><option value=\"Facebook\">Facebook<\/option><option value=\"Freunde \/ Empfehlung\">Freunde \/ Empfehlung<\/option><\/select><\/span><\/label><\/p>\n<p><label> Deine Nachricht:<br \/>\n    <span class=\"wpcf7-form-control-wrap your-message\"><textarea name=\"your-message\" cols=\"40\" rows=\"10\" class=\"wpcf7-form-control wpcf7-textarea uk-textarea\" aria-invalid=\"false\"><\/textarea><\/span> <\/label><\/p>\n<p><span class=\"wpcf7-form-control-wrap acceptance-650\"><span class=\"wpcf7-form-control wpcf7-acceptance\"><span class=\"wpcf7-list-item\"><input type=\"checkbox\" name=\"acceptance-650\" value=\"1\" aria-invalid=\"false\" class=\"uk-radio\" \/><\/span><\/span><\/span> Ja, ich habe die Datenschutzerkl\u00e4rung zur Kenntnis genommen und bin damit einverstanden, dass die von mir angegebenen Daten elektronisch erhoben und gespeichert werden.<\/p>\n<p>Meine Daten werden dabei nur streng zweckgebunden zur Bearbeitung und Beantwortung meiner Anfrage benutzt. Mit dem Absenden des Formulars erkl\u00e4re ich mich mit der Verarbeitung einverstanden.<\/p>\n<p><input type=\"submit\" value=\"Senden\" class=\"wpcf7-form-control has-spinner wpcf7-submit\" \/><\/p>\n<div class=\"wpcf7-response-output\" aria-hidden=\"true\"><\/div><\/form><\/div><\/div>\n<p><!-- {\"name\":\"\",\"type\":\"layout\",\"children\":[{\"name\":\"Kontakt\",\"type\":\"section\",\"props\":{\"style\":\"default\",\"width\":\"large\",\"vertical_align\":\"middle\",\"title_position\":\"top-left\",\"title_rotation\":\"left\",\"title_breakpoint\":\"xl\",\"image_position\":\"center-center\",\"image\":\"wp-content\\\/uploads\\\/Kontakt-Header.jpg\",\"padding\":\"xlarge\",\"text_color\":\"light\",\"image_width\":\"2560\",\"image_height\":\"\",\"height\":\"full\",\"media_overlay\":\"rgba(31, 31, 31, 0)\",\"animation\":\"slide-left-medium\",\"animation_delay\":true,\"image_effect\":\"\",\"width_expand\":\"\",\"header_transparent\":\"\",\"image_size\":\"cover\",\"image_parallax_breakpoint\":\"\",\"image_visibility\":\"\",\"video_width\":\"\",\"video_height\":\"\",\"media_blend_mode\":\"\"},\"children\":[{\"name\":\"\",\"type\":\"row\",\"props\":{\"fixed_width\":\"large\",\"breakpoint\":\"m\",\"layout\":\",\",\"column_gap\":\"\",\"row_gap\":\"\",\"width\":\"\",\"width_expand\":\"\",\"height\":\"\",\"margin\":\"\"},\"children\":[{\"name\":\"\",\"type\":\"column\",\"props\":{\"image_position\":\"center-center\",\"media_overlay_gradient\":\"\"},\"children\":[]},{\"name\":\"\",\"type\":\"column\",\"props\":{\"image_position\":\"center-center\",\"media_overlay_gradient\":\"\",\"vertical_align\":\"bottom\",\"style\":\"\",\"text_color\":\"\",\"padding\":\"\"},\"children\":[]}]}]},{\"type\":\"section\",\"props\":{\"style\":\"default\",\"width\":\"default\",\"vertical_align\":\"middle\",\"title_position\":\"top-left\",\"title_rotation\":\"left\",\"title_breakpoint\":\"xl\",\"image_position\":\"center-center\",\"text_color\":\"\",\"width_expand\":\"\",\"height\":\"\",\"padding\":\"\",\"header_transparent\":\"\",\"animation\":\"\",\"id\":\"\"},\"children\":[{\"type\":\"row\",\"props\":{\"layout\":\",\",\"breakpoint\":\"m\",\"fixed_width\":\"large\",\"column_gap\":\"\",\"row_gap\":\"\",\"width\":\"default\",\"width_expand\":\"\",\"height\":\"\",\"margin\":\"\"},\"children\":[{\"type\":\"column\",\"props\":{\"image_position\":\"center-center\",\"media_overlay_gradient\":\"\",\"vertical_align\":\"\",\"style\":\"\",\"text_color\":\"\",\"padding\":\"\"},\"children\":[{\"name\":\"\",\"type\":\"headline\",\"props\":{\"title_element\":\"h2\",\"content\":\"\n\n<p class=\\\"p1\\\"><span class=\\\"s1\\\">\\u2026 schreibt mir!<\\\/span><\\\/p>\",\"title_style\":\"h4\",\"margin\":\"\",\"title_decoration\":\"\",\"title_font_family\":\"\",\"title_color\":\"\",\"position\":\"\",\"position_z_index\":\"\",\"maxwidth\":\"\",\"maxwidth_breakpoint\":\"\",\"block_align\":\"\",\"block_align_breakpoint\":\"\",\"block_align_fallback\":\"\",\"text_align\":\"\",\"text_align_breakpoint\":\"\",\"text_align_fallback\":\"\",\"animation\":\"\",\"visibility\":\"\"}},{\"name\":\"\",\"type\":\"text\",\"props\":{\"margin\":\"default\",\"column_breakpoint\":\"m\",\"content\":\"\n\n<p class=\\\"p1\\\"><span class=\\\"s1\\\">Wenn ihr Fragen zu einem Fotoshooting habt oder mich f\\u00fcr eure Hochzeit anfragen m\\u00f6chtet, egal, was es ist, dann freue ich mich darauf mehr von euch zu erfahren und euch kennenzulernen!<\\\/span><\\\/p>\",\"text_size\":\"large\",\"maxwidth\":\"xlarge\",\"text_style\":\"\",\"text_color\":\"\",\"column\":\"\",\"position\":\"\",\"position_z_index\":\"\",\"maxwidth_breakpoint\":\"\",\"block_align\":\"\",\"block_align_breakpoint\":\"\",\"block_align_fallback\":\"\",\"text_align\":\"\",\"text_align_breakpoint\":\"\",\"text_align_fallback\":\"\",\"animation\":\"\",\"visibility\":\"\"}},{\"type\":\"headline\",\"props\":{\"title_element\":\"div\",\"title_style\":\"h4\",\"title_decoration\":\"\",\"title_font_family\":\"\",\"title_color\":\"\",\"position\":\"\",\"position_z_index\":\"\",\"margin\":\"\",\"maxwidth\":\"\",\"maxwidth_breakpoint\":\"\",\"block_align\":\"\",\"block_align_breakpoint\":\"\",\"block_align_fallback\":\"\",\"text_align\":\"\",\"text_align_breakpoint\":\"\",\"text_align_fallback\":\"\",\"animation\":\"\",\"visibility\":\"\",\"content\":\"02351 6700 535\",\"margin_remove_bottom\":true}},{\"type\":\"headline\",\"props\":{\"title_element\":\"div\",\"title_style\":\"h4\",\"title_decoration\":\"\",\"title_font_family\":\"\",\"title_color\":\"\",\"position\":\"\",\"position_z_index\":\"\",\"margin\":\"\",\"maxwidth\":\"\",\"maxwidth_breakpoint\":\"\",\"block_align\":\"\",\"block_align_breakpoint\":\"\",\"block_align_fallback\":\"\",\"text_align\":\"\",\"text_align_breakpoint\":\"\",\"text_align_fallback\":\"\",\"animation\":\"\",\"visibility\":\"\",\"content\":\"info@alexandrasimanzik.de\",\"margin_remove_top\":true}},{\"name\":\"\",\"type\":\"social\",\"props\":{\"link_style\":\"link\",\"margin\":\"medium\",\"icon_ratio\":\"\",\"links\":[\"\",\"https:\\\/\\\/www.instagram.com\\\/alexandrasimanzikfotografie\\\/\",\"https:\\\/\\\/www.facebook.com\\\/alexandrasimanzikfotografie\",\"\"],\"link_target\":true,\"maxwidth\":\"\",\"block_align\":\"center\",\"gap\":\"small\",\"position\":\"\",\"position_z_index\":\"\",\"maxwidth_breakpoint\":\"\",\"block_align_breakpoint\":\"\",\"block_align_fallback\":\"\",\"text_align\":\"\",\"text_align_breakpoint\":\"\",\"text_align_fallback\":\"\",\"animation\":\"\",\"visibility\":\"\"}}]},{\"type\":\"column\",\"props\":{\"image_position\":\"center-center\",\"media_overlay_gradient\":\"\",\"vertical_align\":\"\",\"style\":\"\",\"text_color\":\"\",\"padding\":\"\"},\"children\":[{\"type\":\"headline\",\"props\":{\"title_element\":\"h4\",\"title_style\":\"\",\"title_decoration\":\"\",\"title_font_family\":\"\",\"title_color\":\"\",\"position\":\"\",\"position_z_index\":\"\",\"margin\":\"\",\"maxwidth\":\"\",\"maxwidth_breakpoint\":\"\",\"block_align\":\"\",\"block_align_breakpoint\":\"\",\"block_align_fallback\":\"\",\"text_align\":\"\",\"text_align_breakpoint\":\"\",\"text_align_fallback\":\"\",\"animation\":\"\",\"visibility\":\"\",\"content\":\"\n\n<p class=\\\"p1\\\">Kontaktformular<\\\/p>\",\"margin_remove_top\":true}},{\"type\":\"text\",\"props\":{\"margin\":\"default\",\"column_breakpoint\":\"m\",\"text_style\":\"\",\"text_color\":\"\",\"text_size\":\"\",\"column\":\"\",\"position\":\"\",\"position_z_index\":\"\",\"maxwidth\":\"\",\"maxwidth_breakpoint\":\"\",\"block_align\":\"\",\"block_align_breakpoint\":\"\",\"block_align_fallback\":\"\",\"text_align\":\"\",\"text_align_breakpoint\":\"\",\"text_align_fallback\":\"\",\"animation\":\"\",\"visibility\":\"\",\"content\":\"\n\n<p class=\\\"p1\\\"><span class=\\\"s1\\\">Da mir der pers\\u00f6nliche Kontakt zu euch sehr wichtig ist, w\\u00fcrde ich mich schon bei eurer Anfrage \\u00fcber ein paar genauere Details zu euch freuen. <\\\/span><span class=\\\"s1\\\">Neben Hochzeiten k\\u00f6nnt ihr nat\\u00fcrlich auch gerne Paarshootings, Familien- oder Portraitshootings aller Art bei mir buchen. Falls ihr tolle Ideen habt, seid einfach offen und erz\\u00e4hlt mir davon.<\\\/span><\\\/p>\\n\n\n<p class=\\\"p1\\\"><span class=\\\"s1\\\">Ich freue mich \\u00fcber ein paar pers\\u00f6nliche Worte zu euch, wer ihr seid und wie eure W\\u00fcnsche und Vorstellungen sind. <\\\/span><span class=\\\"s1\\\">So kann ich eure Anfrage schnell beantworten und detailliert auf eure Anfrage eingehen.\\u00a0<\\\/span><\\\/p>\"}},{\"type\":\"html\",\"props\":{\"content\":\"[contact-form-7 id=\\\"709\\\" title=\\\"Kontaktformular\\\"]\"}}]}]}],\"name\":\"Infos + Kontaktformular\"}],\"props\":[],\"version\":\"1.22.8\"} --><\/p>\n","protected":false},"excerpt":{"rendered":"<p>\u2026 schreibt mir! Wenn ihr Fragen zu einem Fotoshooting habt oder mich f\u00fcr eure Hochzeit anfragen m\u00f6chtet, egal, was es ist, dann freue ich mich darauf mehr von euch zu erfahren und euch kennenzulernen! 02351 6700 535 info@alexandrasimanzik.de instagram facebook Kontaktformular Da mir der pers\u00f6nliche Kontakt zu euch sehr wichtig ist, w\u00fcrde ich mich schon [&hellip;]<\/p>\n","protected":false},"author":1,"featured_media":0,"parent":0,"menu_order":2,"comment_status":"closed","ping_status":"closed","template":"","meta":[],"_links":{"self":[{"href":"https:\/\/alexandrasimanzik.de\/index.php?rest_route=\/wp\/v2\/pages\/26"}],"collection":[{"href":"https:\/\/alexandrasimanzik.de\/index.php?rest_route=\/wp\/v2\/pages"}],"about":[{"href":"https:\/\/alexandrasimanzik.de\/index.php?rest_route=\/wp\/v2\/types\/page"}],"author":[{"embeddable":true,"href":"https:\/\/alexandrasimanzik.de\/index.php?rest_route=\/wp\/v2\/users\/1"}],"replies":[{"embeddable":true,"href":"https:\/\/alexandrasimanzik.de\/index.php?rest_route=%2Fwp%2Fv2%2Fcomments&post=26"}],"version-history":[{"count":30,"href":"https:\/\/alexandrasimanzik.de\/index.php?rest_route=\/wp\/v2\/pages\/26\/revisions"}],"predecessor-version":[{"id":1158,"href":"https:\/\/alexandrasimanzik.de\/index.php?rest_route=\/wp\/v2\/pages\/26\/revisions\/1158"}],"wp:attachment":[{"href":"https:\/\/alexandrasimanzik.de\/index.php?rest_route=%2Fwp%2Fv2%2Fmedia&parent=26"}],"curies":[{"name":"wp","href":"https:\/\/api.w.org\/{rel}","templated":true}]}}