{"id":23,"date":"2018-05-31T12:40:14","date_gmt":"2018-05-31T12:40:14","guid":{"rendered":"http:\/\/localhost\/yootheme_pro\/2018\/Yard\/Website_WP\/index.php\/people\/"},"modified":"2020-06-22T06:38:09","modified_gmt":"2020-06-22T06:38:09","slug":"info","status":"publish","type":"page","link":"https:\/\/alexandrasimanzik.de\/?page_id=23","title":{"rendered":"Info"},"content":{"rendered":"<h2>H\u00e4ufig gestellte Fragen<\/h2>\n<div>\n<p>Hier findet ihr einige n\u00fctzliche Informationen, die des\u00f6fteren bei mir angefragt wurden. Falls ihr weitere Fragen habt, schreibt mir gerne eine <a href=\"mailto:info@alexandrasimanzik.de\">E-Mail<\/a>.<\/p>\n<\/div>\n<div>Hochzeit<\/div>\n<ul>\n<li>\n<h3>Was kostet eine Hochzeitsreportage bei dir?<\/h3>\n<div>\n<p class=\"p1\"><span class=\"s1\">Meine Reportagen starten bei 6 Stunden, aber nat\u00fcrlich ist es auch m\u00f6glich weitere Stunden dazu zu buchen! Ich richte mich da gerne nach euren W\u00fcnschen. F\u00fcr zus\u00e4tzliche Infos schreibt mir doch gerne eine Nachricht \u00fcber das Kontaktformular und erz\u00e4hlt mir von euren Pl\u00e4nen!<\/span><\/p>\n<\/div>\n<\/li>\n<li>\n<h3>Wie lange im Voraus sollten wir dich buchen?<\/h3>\n<div>\n<p class=\"p1\"><span class=\"s1\">Hierbei gilt- je fr\u00fcher desto besser! M\u00f6chtet ihr, dass ich euch an eurer Hochzeit fotografisch begleite, dann meldet euch am besten fr\u00fchzeitig bei mir!<\/span><\/p>\n<\/div>\n<\/li>\n<li>\n<h3>Wir heiraten standesamtlich- begleitest du uns trotzdem?<\/h3>\n<div>\n<p class=\"p1\"><span class=\"s1\">Ja nat\u00fcrlich! In der Hauptsaison ist das von Montag bis Freitag buchbar! Alle Infos dazu k\u00f6nnt ihr gerne \u00fcber das Kontaktformular erfragen.<\/span><\/p>\n<\/div>\n<\/li>\n<li>\n<h3>Ich m\u00f6chte EUCH kennenlernen!<\/h3>\n<div>\n<p class=\"p1\"><span class=\"s1\">Mir ist es immer sehr wichtig, meine Brautpaare vorab kennenzulernen! Ich bin an eurem \u201egro\u00dfen Tag\u201c ganz nah an euch dran und somit nicht \u201enur\u201c die Fotografin! Und je besser die \u201eChemie\u201c zwischen uns stimmt, desto einfacher ist es f\u00fcr euch, den Tag zu genie\u00dfen und euch fallen zu lassen und f\u00fcr mich wundersch\u00f6ne Erinnerungen entstehen zu lassen.<\/span><\/p>\n<p class=\"p1\"><span class=\"s1\">Gerne treffen wir uns auf einen Kaffee und k\u00f6nnen so gemeinsam feststellen, ob wir zueinander passen!<\/span><\/p>\n<\/div>\n<\/li>\n<li>\n<h3>Wie erhalten wir die Fotos nach der Hochzeit?<\/h3>\n<div>\n<p class=\"p1\"><span class=\"s1\">Weil ich es liebe, alles liebevoll zu verpacken, bekommt ihr von mir eine pers\u00f6nliche Hochzeitsbox mit einem USB Stick (hochaufl\u00f6send) und einigen Prints! Au\u00dferdem erhaltet ihr eine Onlinegalerie, damit auch eure Familie und eure Freunde die Bilder anschauen und den Tag so nochmal erleben k\u00f6nnen!<\/span><\/p>\n<\/div>\n<\/li>\n<\/ul>\n<div>Allgemein<\/div>\n<ul>\n<li>\n<h3>Wann hast du Zeit f\u00fcr ein Shooting?<\/h3>\n<div>\n<p class=\"p1\"><span class=\"s1\">Am besten meldet ihr euch ca. vier Wochen vorher bei mir und finden gemeinsam sicher einen passenden Termin! In der Hauptsaison biete ich in der Regel am Wochenende keine Termine f\u00fcr Shootings an, da ich an diesen Tagen meistens f\u00fcr Hochzeiten gebucht bin.<\/span><\/p>\n<\/div>\n<\/li>\n<li>\n<h3>Was soll ich anziehen?<\/h3>\n<div>\n<p class=\"p1\"><span class=\"s1\">Die Frage aller Fragen\u2026<\/span><\/p>\n<p class=\"p1\"><span class=\"s1\">Tragt an besten das, worin ihr euch wirklich wohlf\u00fchlt! Seid wie ihr seid und verkleidet euch nicht-Egal, ob helle oder dunkle Farben. Von Mustern w\u00fcrde ich abraten, da diese eher ablenken. Wenn ihr unsicher seid, bringt einfach mehrere Outfits zum Shooting mit und wir schauen vorher gemeinsam, was sich eignet!<\/span><\/p>\n<\/div>\n<\/li>\n<li>\n<h3>Was machen wir, wenn es regnet?<\/h3>\n<div>\n<p class=\"p1\"><span class=\"s1\">Sofern es aus Eimern sch\u00fcttet, verschieben wir das Shooting lieber auf den n\u00e4chstm\u00f6glichen Termin! <\/span><\/p>\n<\/div>\n<\/li>\n<li>\n<h3>Um welche Uhrzeit soll das Shooting stattfinden?<\/h3>\n<div>\n<p class=\"p1\"><span class=\"s1\">Das h\u00e4ngt ein bi\u00dfchen von der Jahreszeit ab. Da ich das Abendlicht liebe und es meiner Meinung nach das sch\u00f6nste Licht an einem sonnigen Tag ist, vergebe ich gerade in den Sommermonaten gerne Termine am sp\u00e4ten Nachmittag bzw fr\u00fchen Abend um so den Sonnenuntergang mit einzufangen! Ansonsten ist es auch am Vormittag machbar und wir finden einen Termin der auch f\u00fcr euch gut passt!<\/span><\/p>\n<\/div>\n<\/li>\n<li>\n<h3>Machst du auch Studiofotos?<\/h3>\n<div>\n<p class=\"p1\"><span class=\"s1\">Ich habe ein kleines Studio, in dem ich sehr gerne Newborns gemeinsam mit ihren Eltern fotografiere! Und auch Boudoirfotos biete ich hier an! Bei diesen Shootings fotografiere ich nur mit nat\u00fcrlichem Tageslicht! Ansonsten fotografiere ich ausschlie\u00dflich in der Natur, denn dort entstehen<span class=\"Apple-converted-space\">\u00a0 <\/span>meist viel ungestelltere und spontane Momente!<\/span><\/p>\n<\/div>\n<\/li>\n<li>\n<h3>Wann ist die beste Zeit f\u00fcr ein Babybauchshooting?<\/h3>\n<div>\n<p class=\"p1\"><span class=\"s1\">Ich empfehle hierf\u00fcr die Zeit zwischen der 30.-34. SSW. Ein Newborn Shooting sollte am besten in den ersten 14 Tagen stattfinden.<\/span><\/p>\n<\/div>\n<\/li>\n<\/ul>\n<p><!-- {\"name\":\"Lessons\",\"type\":\"layout\",\"children\":[{\"type\":\"section\",\"props\":{\"style\":\"default\",\"width\":\"small\",\"vertical_align\":\"middle\",\"title_position\":\"top-left\",\"title_rotation\":\"left\",\"title_breakpoint\":\"xl\",\"image_position\":\"center-center\",\"text_color\":\"\",\"width_expand\":\"\",\"height\":\"\",\"padding\":\"\",\"header_transparent\":\"\",\"animation\":\"\",\"image_effect\":\"\"},\"children\":[{\"type\":\"row\",\"props\":{\"layout\":\"1-1\",\"breakpoint\":\"m\",\"fixed_width\":\"large\",\"width\":\"\",\"width_expand\":\"\",\"height\":\"\",\"margin\":\"\",\"column_gap\":\"\",\"row_gap\":\"\"},\"children\":[{\"type\":\"column\",\"props\":{\"image_position\":\"center-center\",\"media_overlay_gradient\":\"\",\"vertical_align\":\"\",\"style\":\"\",\"text_color\":\"\",\"padding\":\"\"},\"children\":[{\"type\":\"headline\",\"props\":{\"title_element\":\"h2\",\"title_style\":\"\",\"title_decoration\":\"\",\"title_color\":\"\",\"position\":\"\",\"position_z_index\":\"\",\"margin\":\"\",\"maxwidth\":\"xxlarge\",\"maxwidth_breakpoint\":\"\",\"block_align\":\"\",\"block_align_breakpoint\":\"\",\"block_align_fallback\":\"\",\"text_align\":\"\",\"text_align_breakpoint\":\"\",\"text_align_fallback\":\"\",\"animation\":\"\",\"visibility\":\"\",\"content\":\"H\\u00e4ufig gestellte Fragen\",\"margin_remove_top\":true,\"title_font_family\":\"\"}},{\"type\":\"text\",\"props\":{\"margin\":\"large\",\"column_breakpoint\":\"m\",\"text_style\":\"\",\"text_color\":\"\",\"text_size\":\"\",\"column\":\"\",\"position\":\"\",\"position_z_index\":\"\",\"maxwidth\":\"xlarge\",\"maxwidth_breakpoint\":\"\",\"block_align\":\"\",\"block_align_breakpoint\":\"\",\"block_align_fallback\":\"\",\"text_align\":\"\",\"text_align_breakpoint\":\"\",\"text_align_fallback\":\"\",\"animation\":\"\",\"visibility\":\"\",\"margin_remove_top\":true,\"content\":\"\n\n<p>Hier findet ihr einige n\\u00fctzliche Informationen, die des\\u00f6fteren bei mir angefragt wurden. Falls ihr weitere Fragen habt, schreibt mir gerne eine <a href=\\\"mailto:info@alexandrasimanzik.de\\\">E-Mail<\\\/a>.<\\\/p>\"}},{\"type\":\"headline\",\"props\":{\"title_element\":\"div\",\"title_style\":\"h4\",\"title_decoration\":\"\",\"title_color\":\"\",\"position\":\"\",\"position_z_index\":\"\",\"margin\":\"medium\",\"maxwidth\":\"\",\"maxwidth_breakpoint\":\"\",\"block_align\":\"\",\"block_align_breakpoint\":\"\",\"block_align_fallback\":\"\",\"text_align\":\"\",\"text_align_breakpoint\":\"\",\"text_align_fallback\":\"\",\"animation\":\"\",\"visibility\":\"\",\"css\":\"\",\"content\":\"Hochzeit\",\"title_font_family\":\"\",\"margin_remove_bottom\":false}},{\"type\":\"accordion\",\"props\":{\"show_image\":true,\"show_link\":true,\"collapsible\":true,\"image_svg_color\":\"emphasis\",\"image_align\":\"top\",\"image_grid_width\":\"1-2\",\"link_text\":\"Read more\",\"link_style\":\"default\",\"content_style\":\"\",\"content_margin\":\"\",\"image_border\":\"\",\"image_margin\":\"\",\"link_size\":\"\",\"link_margin\":\"\",\"position\":\"\",\"position_z_index\":\"\",\"margin\":\"\",\"maxwidth\":\"\",\"maxwidth_breakpoint\":\"\",\"block_align\":\"\",\"block_align_breakpoint\":\"\",\"block_align_fallback\":\"\",\"text_align\":\"\",\"text_align_breakpoint\":\"\",\"text_align_fallback\":\"\",\"animation\":\"\",\"visibility\":\"\",\"image_grid_column_gap\":\"\",\"image_grid_row_gap\":\"\",\"image_grid_breakpoint\":\"m\"},\"children\":[{\"type\":\"accordion_item\",\"props\":{\"title\":\"Was kostet eine Hochzeitsreportage bei dir?\",\"content\":\"\n\n<p class=\\\"p1\\\"><span class=\\\"s1\\\">Meine Reportagen starten bei 6 Stunden, aber nat\\u00fcrlich ist es auch m\\u00f6glich weitere Stunden dazu zu buchen! Ich richte mich da gerne nach euren W\\u00fcnschen. F\\u00fcr zus\\u00e4tzliche Infos schreibt mir doch gerne eine Nachricht \\u00fcber das Kontaktformular und erz\\u00e4hlt mir von euren Pl\\u00e4nen!<\\\/span><\\\/p>\"}},{\"type\":\"accordion_item\",\"props\":{\"title\":\"Wie lange im Voraus sollten wir dich buchen?\",\"content\":\"\n\n<p class=\\\"p1\\\"><span class=\\\"s1\\\">Hierbei gilt- je fr\\u00fcher desto besser! M\\u00f6chtet ihr, dass ich euch an eurer Hochzeit fotografisch begleite, dann meldet euch am besten fr\\u00fchzeitig bei mir!<\\\/span><\\\/p>\"}},{\"type\":\"accordion_item\",\"props\":{\"title\":\"Wir heiraten standesamtlich- begleitest du uns trotzdem?\",\"content\":\"\n\n<p class=\\\"p1\\\"><span class=\\\"s1\\\">Ja nat\\u00fcrlich! In der Hauptsaison ist das von Montag bis Freitag buchbar! Alle Infos dazu k\\u00f6nnt ihr gerne \\u00fcber das Kontaktformular erfragen.<\\\/span><\\\/p>\"}},{\"type\":\"accordion_item\",\"props\":{\"title\":\"Ich m\\u00f6chte EUCH kennenlernen!\",\"content\":\"\n\n<p class=\\\"p1\\\"><span class=\\\"s1\\\">Mir ist es immer sehr wichtig, meine Brautpaare vorab kennenzulernen! Ich bin an eurem \\u201egro\\u00dfen Tag\\u201c ganz nah an euch dran und somit nicht \\u201enur\\u201c die Fotografin! Und je besser die \\u201eChemie\\u201c zwischen uns stimmt, desto einfacher ist es f\\u00fcr euch, den Tag zu genie\\u00dfen und euch fallen zu lassen und f\\u00fcr mich wundersch\\u00f6ne Erinnerungen entstehen zu lassen.<\\\/span><\\\/p>\\n\n\n<p class=\\\"p1\\\"><span class=\\\"s1\\\">Gerne treffen wir uns auf einen Kaffee und k\\u00f6nnen so gemeinsam feststellen, ob wir zueinander passen!<\\\/span><\\\/p>\"}},{\"type\":\"accordion_item\",\"props\":{\"content\":\"\n\n<p class=\\\"p1\\\"><span class=\\\"s1\\\">Weil ich es liebe, alles liebevoll zu verpacken, bekommt ihr von mir eine pers\\u00f6nliche Hochzeitsbox mit einem USB Stick (hochaufl\\u00f6send) und einigen Prints! Au\\u00dferdem erhaltet ihr eine Onlinegalerie, damit auch eure Familie und eure Freunde die Bilder anschauen und den Tag so nochmal erleben k\\u00f6nnen!<\\\/span><\\\/p>\",\"title\":\"Wie erhalten wir die Fotos nach der Hochzeit?\"}}]},{\"type\":\"headline\",\"props\":{\"title_element\":\"div\",\"title_style\":\"h4\",\"title_decoration\":\"\",\"title_color\":\"\",\"position\":\"\",\"position_z_index\":\"\",\"margin\":\"medium\",\"maxwidth\":\"\",\"maxwidth_breakpoint\":\"\",\"block_align\":\"\",\"block_align_breakpoint\":\"\",\"block_align_fallback\":\"\",\"text_align\":\"\",\"text_align_breakpoint\":\"\",\"text_align_fallback\":\"\",\"animation\":\"\",\"visibility\":\"\",\"css\":\"\",\"content\":\"Allgemein\",\"title_font_family\":\"\",\"margin_remove_bottom\":false}},{\"type\":\"accordion\",\"props\":{\"show_image\":true,\"show_link\":true,\"collapsible\":true,\"image_svg_color\":\"emphasis\",\"image_align\":\"top\",\"image_grid_width\":\"1-2\",\"link_text\":\"Read more\",\"link_style\":\"default\",\"content_style\":\"\",\"content_margin\":\"\",\"image_border\":\"\",\"image_margin\":\"\",\"link_size\":\"\",\"link_margin\":\"\",\"position\":\"\",\"position_z_index\":\"\",\"margin\":\"large\",\"maxwidth\":\"\",\"maxwidth_breakpoint\":\"\",\"block_align\":\"\",\"block_align_breakpoint\":\"\",\"block_align_fallback\":\"\",\"text_align\":\"\",\"text_align_breakpoint\":\"\",\"text_align_fallback\":\"\",\"animation\":\"\",\"visibility\":\"\",\"image_grid_column_gap\":\"\",\"image_grid_row_gap\":\"\",\"image_grid_breakpoint\":\"m\",\"margin_remove_top\":true},\"children\":[{\"type\":\"accordion_item\",\"props\":{\"title\":\"Wann hast du Zeit f\\u00fcr ein Shooting?\",\"content\":\"\n\n<p class=\\\"p1\\\"><span class=\\\"s1\\\">Am besten meldet ihr euch ca. vier Wochen vorher bei mir und finden gemeinsam sicher einen passenden Termin! In der Hauptsaison biete ich in der Regel am Wochenende keine Termine f\\u00fcr Shootings an, da ich an diesen Tagen meistens f\\u00fcr Hochzeiten gebucht bin.<\\\/span><\\\/p>\"}},{\"type\":\"accordion_item\",\"props\":{\"title\":\"Was soll ich anziehen?\",\"content\":\"\n\n<p class=\\\"p1\\\"><span class=\\\"s1\\\">Die Frage aller Fragen\\u2026<\\\/span><\\\/p>\\n\n\n<p class=\\\"p1\\\"><span class=\\\"s1\\\">Tragt an besten das, worin ihr euch wirklich wohlf\\u00fchlt! Seid wie ihr seid und verkleidet euch nicht-Egal, ob helle oder dunkle Farben. Von Mustern w\\u00fcrde ich abraten, da diese eher ablenken. Wenn ihr unsicher seid, bringt einfach mehrere Outfits zum Shooting mit und wir schauen vorher gemeinsam, was sich eignet!<\\\/span><\\\/p>\"}},{\"type\":\"accordion_item\",\"props\":{\"title\":\"Was machen wir, wenn es regnet?\",\"content\":\"\n\n<p class=\\\"p1\\\"><span class=\\\"s1\\\">Sofern es aus Eimern sch\\u00fcttet, verschieben wir das Shooting lieber auf den n\\u00e4chstm\\u00f6glichen Termin! <\\\/span><\\\/p>\"}},{\"type\":\"accordion_item\",\"props\":{\"title\":\"Um welche Uhrzeit soll das Shooting stattfinden?\",\"content\":\"\n\n<p class=\\\"p1\\\"><span class=\\\"s1\\\">Das h\\u00e4ngt ein bi\\u00dfchen von der Jahreszeit ab. Da ich das Abendlicht liebe und es meiner Meinung nach das sch\\u00f6nste Licht an einem sonnigen Tag ist, vergebe ich gerade in den Sommermonaten gerne Termine am sp\\u00e4ten Nachmittag bzw fr\\u00fchen Abend um so den Sonnenuntergang mit einzufangen! Ansonsten ist es auch am Vormittag machbar und wir finden einen Termin der auch f\\u00fcr euch gut passt!<\\\/span><\\\/p>\"}},{\"type\":\"accordion_item\",\"props\":{\"title\":\"Machst du auch Studiofotos?\",\"content\":\"\n\n<p class=\\\"p1\\\"><span class=\\\"s1\\\">Ich habe ein kleines Studio, in dem ich sehr gerne Newborns gemeinsam mit ihren Eltern fotografiere! Und auch Boudoirfotos biete ich hier an! Bei diesen Shootings fotografiere ich nur mit nat\\u00fcrlichem Tageslicht! Ansonsten fotografiere ich ausschlie\\u00dflich in der Natur, denn dort entstehen<span class=\\\"Apple-converted-space\\\">\\u00a0 <\\\/span>meist viel ungestelltere und spontane Momente!<\\\/span><\\\/p>\"}},{\"type\":\"accordion_item\",\"props\":{\"title\":\"Wann ist die beste Zeit f\\u00fcr ein Babybauchshooting?\",\"content\":\"\n\n<p class=\\\"p1\\\"><span class=\\\"s1\\\">Ich empfehle hierf\\u00fcr die Zeit zwischen der 30.-34. SSW. Ein Newborn Shooting sollte am besten in den ersten 14 Tagen stattfinden.<\\\/span><\\\/p>\"}}]}]}]}],\"name\":\"FAQ\"}],\"version\":\"1.22.8\",\"props\":[]} --><\/p>\n","protected":false},"excerpt":{"rendered":"<p>H\u00e4ufig gestellte Fragen Hier findet ihr einige n\u00fctzliche Informationen, die des\u00f6fteren bei mir angefragt wurden. Falls ihr weitere Fragen habt, schreibt mir gerne eine E-Mail. Hochzeit Was kostet eine Hochzeitsreportage bei dir? Meine Reportagen starten bei 6 Stunden, aber nat\u00fcrlich ist es auch m\u00f6glich weitere Stunden dazu zu buchen! Ich richte mich da gerne nach [&hellip;]<\/p>\n","protected":false},"author":1,"featured_media":0,"parent":0,"menu_order":12,"comment_status":"closed","ping_status":"closed","template":"","meta":[],"_links":{"self":[{"href":"https:\/\/alexandrasimanzik.de\/index.php?rest_route=\/wp\/v2\/pages\/23"}],"collection":[{"href":"https:\/\/alexandrasimanzik.de\/index.php?rest_route=\/wp\/v2\/pages"}],"about":[{"href":"https:\/\/alexandrasimanzik.de\/index.php?rest_route=\/wp\/v2\/types\/page"}],"author":[{"embeddable":true,"href":"https:\/\/alexandrasimanzik.de\/index.php?rest_route=\/wp\/v2\/users\/1"}],"replies":[{"embeddable":true,"href":"https:\/\/alexandrasimanzik.de\/index.php?rest_route=%2Fwp%2Fv2%2Fcomments&post=23"}],"version-history":[{"count":19,"href":"https:\/\/alexandrasimanzik.de\/index.php?rest_route=\/wp\/v2\/pages\/23\/revisions"}],"predecessor-version":[{"id":975,"href":"https:\/\/alexandrasimanzik.de\/index.php?rest_route=\/wp\/v2\/pages\/23\/revisions\/975"}],"wp:attachment":[{"href":"https:\/\/alexandrasimanzik.de\/index.php?rest_route=%2Fwp%2Fv2%2Fmedia&parent=23"}],"curies":[{"name":"wp","href":"https:\/\/api.w.org\/{rel}","templated":true}]}}