{"id":21,"date":"2018-05-31T12:40:14","date_gmt":"2018-05-31T12:40:14","guid":{"rendered":"http:\/\/localhost\/yootheme_pro\/2018\/Yard\/Website_WP\/index.php\/about\/"},"modified":"2020-06-29T09:14:58","modified_gmt":"2020-06-29T09:14:58","slug":"ueber-mich","status":"publish","type":"page","link":"https:\/\/alexandrasimanzik.de\/?page_id=21","title":{"rendered":"\u00dcber mich"},"content":{"rendered":"<h2>Hey, ich bin Alexandra<\/h2>\n<div>\n<p>Schon als kleines M\u00e4dchen wusste ich, dass ich mir keinen anderen Job vorstellen kann, als Fotografin zu sein! <br \/>Um die Welt zu reisen und von Menschen ihre Geschichten zu erfahren, f\u00fcr eine gro\u00dfe New Yorker Zeitung arbeiten oder meine Bilder in Magazinen und Zeitungen sehen, davon habe ich immer heimlich getr\u00e4umt. <br \/>Aber es kam alles ganz anders und daf\u00fcr bin ich wirklich dankbar\u2026<\/p>\n<p>Ich liebe es die Verbindung zwischen euch festzuhalten, so wie ihr seid- eure Liebe und euer Gl\u00fcck. Eure Momente mitzuerleben- mittendrin und ganz nah dran. Ich mag die unperfekten genauso wie die sch\u00f6nen Augenblicke. Und ich mag das zu erz\u00e4hlen, was einfach so passiert, nicht das, was man stellt.\u00a0<\/p>\n<p>Wenn ich nicht fotografiere, dann liebe ich es, gemeinsame Zeit mit meinen Liebsten und meinen Tieren zu verbringen, Sonnenunterg\u00e4nge anzuschauen am liebsten mit den F\u00fc\u00dfen im Sand am Meer, tief Luftholen im Wald, den Geruch von Sommerregen und lange, laue Sommern\u00e4chte und nat\u00fcrlich Pommes. Viel mehr brauche ich eigentlich nicht zum Gl\u00fccklichsein! <br \/>Ich liebe es zu reisen und w\u00fcrde einfach so gerne noch viel mehr von der Welt sehen. Ich bin ein fr\u00f6hlicher, offener Mensch, lache gerne und nehme mich selbst nicht zu ernst. Au\u00dferdem bin ich gerne spontan und mag es auch mal planlos zu sein und lasse alles auf mich zukommen. <br \/>Meinem Herzen zu folgen ist das was ich tun m\u00f6chte, egal wohin mich der Weg dann auch f\u00fchren mag&#8230;<\/p>\n<p>Neue Leute kennenzulernen, zuzuh\u00f6ren und erfahren, was ihnen wichtig ist und was sie bewegt, dass mag ich sehr. <br \/>Das ist auch der Grund, warum ich die Fotografie so liebe- sie bringt mich mit den unterschiedlichsten Menschen zusammen und es ist immer wieder wie ein kleines Abenteuer, das man gemeinsam erlebt!<\/p>\n<p>Wenn euch meine Arbeit und mein Stil gef\u00e4llt, dann d\u00fcrft ihr mir sehr gerne eine Nachricht schreiben. Was es auch ist, ich freue mich darauf, von euch zu lesen!<\/p>\n<\/div>\n<div><span class=\"s1\">Alles Liebe,<br \/>Alexandra.<\/span><\/div>\n<ul>\n<li>\n<p>        <img src=\"wp-content\/uploads\/IMG_24091klein.jpg\" alt=\"\"><\/p>\n<\/li>\n<li>\n<p>        <img src=\"wp-content\/uploads\/IMG_2549-21klein-2.jpg\" alt=\"\"><\/p>\n<\/li>\n<li>\n<p>        <img src=\"wp-content\/uploads\/IMG_24081klein-1.jpg\" alt=\"\"><\/p>\n<\/li>\n<\/ul>\n<h1>A few of my<br \/>favourite things<\/h1>\n<ul>\n<li>\n<h5>Pasta &#038; Pizza<\/h5>\n<\/li>\n<li>\n<h5>Gewitter<\/h5>\n<\/li>\n<li>\n<h5>Hundewelpen<\/h5>\n<\/li>\n<li>\n<h5>Musik<\/h5>\n<\/li>\n<li>\n<h5>Cocktail &#8222;Inge&#8220;<\/h5>\n<\/li>\n<li>\n<h5>Pfingstrosen<\/h5>\n<\/li>\n<\/ul>\n<p><!-- {\"name\":\"About\",\"type\":\"layout\",\"children\":[{\"name\":\"Hey\",\"type\":\"section\",\"props\":{\"width\":\"default\",\"padding\":\"small\",\"style\":\"default\",\"text_color\":\"dark\",\"media\":\"\",\"height_viewport\":false,\"header_overlay\":\"light\",\"animation\":\"slide-top-medium\",\"padding_remove_top\":false,\"image_size\":\"cover\",\"image\":\"\",\"image_position\":\"bottom-center\",\"image_fixed\":false,\"class\":\"\",\"overlap\":true,\"vertical_align\":\"middle\",\"title_position\":\"top-left\",\"title_rotation\":\"left\",\"title_breakpoint\":\"xl\",\"image_width\":\"1920\",\"image_effect\":\"\",\"width_expand\":\"\",\"height\":\"\",\"header_transparent\":\"\"},\"children\":[{\"name\":\"\",\"type\":\"row\",\"props\":{\"fixed_width\":\"large\",\"breakpoint\":\"m\",\"layout\":\",\",\"vertical_align\":true,\"margin\":\"large\",\"width\":\"\",\"height\":\"\",\"column_gap\":\"large\",\"row_gap\":\"large\"},\"children\":[{\"name\":\"\",\"type\":\"column\",\"props\":{\"image_position\":\"center-center\",\"vertical_align\":\"middle\",\"style\":\"\",\"text_color\":\"\",\"padding\":\"\",\"media_overlay_gradient\":\"\"},\"children\":[{\"name\":\"\",\"type\":\"headline\",\"props\":{\"title_element\":\"h2\",\"content\":\"Hey, ich bin Alexandra\",\"margin\":\"small\",\"title_style\":\"\",\"maxwidth\":\"xlarge\",\"title_decoration\":\"\",\"title_font_family\":\"\",\"title_color\":\"\",\"position\":\"\",\"position_z_index\":\"\",\"maxwidth_breakpoint\":\"\",\"block_align\":\"\",\"block_align_breakpoint\":\"\",\"block_align_fallback\":\"\",\"text_align\":\"left\",\"text_align_breakpoint\":\"\",\"text_align_fallback\":\"\",\"animation\":\"\",\"visibility\":\"\",\"margin_remove_top\":true}},{\"name\":\"\",\"type\":\"text\",\"props\":{\"margin\":\"default\",\"column_breakpoint\":\"m\",\"maxwidth\":\"\",\"content\":\"\n\n<p>Schon als kleines M\\u00e4dchen wusste ich, dass ich mir keinen anderen Job vorstellen kann, als Fotografin zu sein! <br \\\/>Um die Welt zu reisen und von Menschen ihre Geschichten zu erfahren, f\\u00fcr eine gro\\u00dfe New Yorker Zeitung arbeiten oder meine Bilder in Magazinen und Zeitungen sehen, davon habe ich immer heimlich getr\\u00e4umt. <br \\\/>Aber es kam alles ganz anders und daf\\u00fcr bin ich wirklich dankbar\\u2026<\\\/p>\\n\n\n<p>Ich liebe es die Verbindung zwischen euch festzuhalten, so wie ihr seid- eure Liebe und euer Gl\\u00fcck. Eure Momente mitzuerleben- mittendrin und ganz nah dran. Ich mag die unperfekten genauso wie die sch\\u00f6nen Augenblicke. Und ich mag das zu erz\\u00e4hlen, was einfach so passiert, nicht das, was man stellt.\\u00a0<\\\/p>\\n\n\n<p>Wenn ich nicht fotografiere, dann liebe ich es, gemeinsame Zeit mit meinen Liebsten und meinen Tieren zu verbringen, Sonnenunterg\\u00e4nge anzuschauen am liebsten mit den F\\u00fc\\u00dfen im Sand am Meer, tief Luftholen im Wald, den Geruch von Sommerregen und lange, laue Sommern\\u00e4chte und nat\\u00fcrlich Pommes. Viel mehr brauche ich eigentlich nicht zum Gl\\u00fccklichsein! <br \\\/>Ich liebe es zu reisen und w\\u00fcrde einfach so gerne noch viel mehr von der Welt sehen. Ich bin ein fr\\u00f6hlicher, offener Mensch, lache gerne und nehme mich selbst nicht zu ernst. Au\\u00dferdem bin ich gerne spontan und mag es auch mal planlos zu sein und lasse alles auf mich zukommen. <br \\\/>Meinem Herzen zu folgen ist das was ich tun m\\u00f6chte, egal wohin mich der Weg dann auch f\\u00fchren mag...<\\\/p>\\n\n\n<p>Neue Leute kennenzulernen, zuzuh\\u00f6ren und erfahren, was ihnen wichtig ist und was sie bewegt, dass mag ich sehr. <br \\\/>Das ist auch der Grund, warum ich die Fotografie so liebe- sie bringt mich mit den unterschiedlichsten Menschen zusammen und es ist immer wieder wie ein kleines Abenteuer, das man gemeinsam erlebt!<\\\/p>\\n\n\n<p>Wenn euch meine Arbeit und mein Stil gef\\u00e4llt, dann d\\u00fcrft ihr mir sehr gerne eine Nachricht schreiben. Was es auch ist, ich freue mich darauf, von euch zu lesen!<\\\/p>\",\"text_style\":\"\",\"text_color\":\"\",\"text_size\":\"\",\"column\":\"\",\"position\":\"\",\"position_z_index\":\"\",\"maxwidth_breakpoint\":\"\",\"block_align\":\"center\",\"block_align_breakpoint\":\"\",\"block_align_fallback\":\"\",\"text_align\":\"left\",\"text_align_breakpoint\":\"\",\"text_align_fallback\":\"\",\"animation\":\"\",\"visibility\":\"\",\"margin_remove_bottom\":true}},{\"type\":\"headline\",\"props\":{\"title_element\":\"div\",\"title_style\":\"h5\",\"title_decoration\":\"\",\"title_font_family\":\"\",\"title_color\":\"\",\"position\":\"\",\"position_z_index\":\"\",\"margin\":\"\",\"maxwidth\":\"\",\"maxwidth_breakpoint\":\"\",\"block_align\":\"\",\"block_align_breakpoint\":\"\",\"block_align_fallback\":\"\",\"text_align\":\"center\",\"text_align_breakpoint\":\"\",\"text_align_fallback\":\"\",\"animation\":\"\",\"visibility\":\"\",\"content\":\"<span class=\\\"s1\\\">Alles Liebe,<br \\\/>Alexandra.<\\\/span>\",\"margin_remove_top\":true}}]},{\"name\":\"\",\"type\":\"column\",\"props\":{\"image_position\":\"center-center\",\"vertical_align\":\"middle\",\"style\":\"\",\"text_color\":\"\",\"padding\":\"\",\"media_overlay_gradient\":\"\"},\"children\":[{\"name\":\"\",\"type\":\"slideshow\",\"props\":{\"show_title\":false,\"show_meta\":true,\"show_content\":true,\"show_link\":true,\"show_thumbnail\":true,\"slideshow_min_height\":\"\",\"slideshow_autoplay_pause\":true,\"nav\":\"\",\"nav_position\":\"bottom-center\",\"nav_position_margin\":\"medium\",\"nav_align\":\"center\",\"nav_breakpoint\":\"s\",\"thumbnav_width\":\"100\",\"thumbnav_height\":\"75\",\"slidenav\":\"top-right\",\"slidenav_margin\":\"medium\",\"slidenav_breakpoint\":\"s\",\"overlay_position\":\"center-left\",\"overlay_animation\":\"parallax\",\"title_element\":\"h3\",\"meta_style\":\"meta\",\"meta_align\":\"below-title\",\"link_text\":\"Read more\",\"link_style\":\"default\",\"margin\":\"default\",\"text_color\":\"dark\",\"slidenav_outside_breakpoint\":\"xl\",\"image_width\":\"920\",\"thumbnav_svg_color\":\"emphasis\",\"slideshow_height\":\"\",\"slideshow_box_shadow\":\"medium\",\"slideshow_box_decoration\":\"\",\"slideshow_animation\":\"\",\"slideshow_kenburns\":\"\",\"nav_margin\":\"\",\"nav_color\":\"\",\"slidenav_outside_color\":\"\",\"overlay_container\":\"\",\"overlay_container_padding\":\"\",\"overlay_margin\":\"\",\"overlay_style\":\"\",\"overlay_padding\":\"\",\"overlay_width\":\"\",\"title_style\":\"\",\"title_decoration\":\"\",\"title_font_family\":\"\",\"title_color\":\"\",\"title_margin\":\"\",\"meta_color\":\"\",\"meta_margin\":\"\",\"content_style\":\"\",\"content_margin\":\"\",\"link_size\":\"\",\"link_margin\":\"\",\"position\":\"\",\"position_z_index\":\"\",\"maxwidth\":\"\",\"maxwidth_breakpoint\":\"\",\"block_align\":\"\",\"block_align_breakpoint\":\"\",\"block_align_fallback\":\"\",\"text_align\":\"\",\"text_align_breakpoint\":\"\",\"text_align_fallback\":\"\",\"animation\":\"\",\"visibility\":\"\",\"slideshow_ratio\":\"2:3\"},\"children\":[{\"type\":\"slideshow_item\",\"props\":{\"text_color\":\"\",\"image\":\"wp-content\\\/uploads\\\/IMG_24091klein.jpg\"}},{\"type\":\"slideshow_item\",\"props\":{\"text_color\":\"\",\"image\":\"wp-content\\\/uploads\\\/IMG_2549-21klein-2.jpg\"}},{\"type\":\"slideshow_item\",\"props\":{\"text_color\":\"\",\"image\":\"wp-content\\\/uploads\\\/IMG_24081klein-1.jpg\"}}]}]}]}]},{\"type\":\"section\",\"props\":{\"style\":\"muted\",\"width\":\"default\",\"vertical_align\":\"middle\",\"title_position\":\"top-left\",\"title_rotation\":\"left\",\"title_breakpoint\":\"xl\",\"image_position\":\"center-center\",\"text_color\":\"\",\"width_expand\":\"\",\"height\":\"\",\"padding\":\"\",\"header_transparent\":\"\",\"animation\":\"\"},\"children\":[{\"type\":\"row\",\"props\":{\"layout\":\"1-3,2-3\",\"breakpoint\":\"m\",\"fixed_width\":\"large\",\"column_gap\":\"\",\"row_gap\":\"\",\"width\":\"\",\"width_expand\":\"\",\"height\":\"\",\"margin\":\"\"},\"children\":[{\"type\":\"column\",\"props\":{\"image_position\":\"center-center\",\"media_overlay_gradient\":\"\",\"vertical_align\":\"\",\"style\":\"\",\"text_color\":\"\",\"padding\":\"\"},\"children\":[{\"type\":\"headline\",\"props\":{\"title_element\":\"h1\",\"title_style\":\"\",\"title_decoration\":\"\",\"title_font_family\":\"\",\"title_color\":\"\",\"position\":\"\",\"position_z_index\":\"\",\"margin\":\"\",\"maxwidth\":\"\",\"maxwidth_breakpoint\":\"\",\"block_align\":\"\",\"block_align_breakpoint\":\"\",\"block_align_fallback\":\"\",\"text_align\":\"\",\"text_align_breakpoint\":\"\",\"text_align_fallback\":\"\",\"animation\":\"\",\"visibility\":\"\",\"content\":\"A few of my<br \\\/>favourite things\"}}]},{\"type\":\"column\",\"props\":{\"image_position\":\"center-center\",\"media_overlay_gradient\":\"\",\"vertical_align\":\"\",\"style\":\"\",\"text_color\":\"\",\"padding\":\"\"},\"children\":[{\"type\":\"grid\",\"props\":{\"show_title\":true,\"show_meta\":true,\"show_content\":true,\"show_image\":true,\"show_link\":true,\"grid_default\":\"1\",\"grid_medium\":\"3\",\"filter_style\":\"tab\",\"filter_all\":true,\"filter_position\":\"top\",\"filter_align\":\"left\",\"filter_grid_width\":\"auto\",\"filter_grid_breakpoint\":\"m\",\"title_hover_style\":\"reset\",\"title_element\":\"h5\",\"title_align\":\"top\",\"title_grid_width\":\"1-2\",\"title_grid_breakpoint\":\"m\",\"meta_style\":\"meta\",\"meta_align\":\"below-title\",\"icon_ratio\":4,\"image_align\":\"top\",\"image_grid_width\":\"1-2\",\"image_grid_breakpoint\":\"m\",\"image_svg_color\":\"emphasis\",\"link_text\":\"Read more\",\"link_style\":\"default\",\"margin\":\"default\",\"item_animation\":\"\",\"grid_column_gap\":\"\",\"grid_row_gap\":\"\",\"grid_small\":\"\",\"grid_large\":\"\",\"grid_xlarge\":\"\",\"filter_margin\":\"\",\"filter_grid_column_gap\":\"\",\"filter_grid_row_gap\":\"\",\"title_display\":\"\",\"content_display\":\"\",\"panel_style\":\"\",\"panel_content_padding\":\"\",\"panel_size\":\"\",\"item_maxwidth\":\"\",\"title_style\":\"\",\"title_decoration\":\"\",\"title_font_family\":\"\",\"title_color\":\"\",\"title_grid_column_gap\":\"\",\"title_grid_row_gap\":\"\",\"title_margin\":\"\",\"meta_color\":\"\",\"meta_margin\":\"\",\"content_style\":\"\",\"content_margin\":\"\",\"image_transition\":\"\",\"image_border\":\"\",\"image_box_shadow\":\"\",\"image_hover_box_shadow\":\"\",\"image_box_decoration\":\"\",\"icon_color\":\"\",\"image_grid_column_gap\":\"\",\"image_grid_row_gap\":\"\",\"image_margin\":\"\",\"link_type\":\"\",\"link_size\":\"\",\"link_margin\":\"\",\"position\":\"\",\"position_z_index\":\"\",\"maxwidth\":\"\",\"maxwidth_breakpoint\":\"\",\"block_align\":\"\",\"block_align_breakpoint\":\"\",\"block_align_fallback\":\"\",\"text_align\":\"\",\"text_align_breakpoint\":\"\",\"text_align_fallback\":\"\",\"visibility\":\"\"},\"children\":[{\"type\":\"grid_item\",\"props\":{\"title\":\"Pasta & Pizza\"}},{\"type\":\"grid_item\",\"props\":{\"title\":\"Gewitter\"}},{\"type\":\"grid_item\",\"props\":{\"title\":\"Hundewelpen\"}},{\"type\":\"grid_item\",\"props\":{\"title\":\"Musik\"}},{\"type\":\"grid_item\",\"props\":{\"title\":\"Cocktail \\\"Inge\\\"\"}},{\"type\":\"grid_item\",\"props\":{\"title\":\"Pfingstrosen\"}}]}]}]}],\"name\":\"A few of my favourite Things\"}],\"props\":[],\"version\":\"1.22.8\"} --><\/p>\n","protected":false},"excerpt":{"rendered":"<p>Hey, ich bin Alexandra Schon als kleines M\u00e4dchen wusste ich, dass ich mir keinen anderen Job vorstellen kann, als Fotografin zu sein! Um die Welt zu reisen und von Menschen ihre Geschichten zu erfahren, f\u00fcr eine gro\u00dfe New Yorker Zeitung arbeiten oder meine Bilder in Magazinen und Zeitungen sehen, davon habe ich immer heimlich getr\u00e4umt. [&hellip;]<\/p>\n","protected":false},"author":1,"featured_media":0,"parent":0,"menu_order":8,"comment_status":"closed","ping_status":"closed","template":"","meta":[],"_links":{"self":[{"href":"https:\/\/alexandrasimanzik.de\/index.php?rest_route=\/wp\/v2\/pages\/21"}],"collection":[{"href":"https:\/\/alexandrasimanzik.de\/index.php?rest_route=\/wp\/v2\/pages"}],"about":[{"href":"https:\/\/alexandrasimanzik.de\/index.php?rest_route=\/wp\/v2\/types\/page"}],"author":[{"embeddable":true,"href":"https:\/\/alexandrasimanzik.de\/index.php?rest_route=\/wp\/v2\/users\/1"}],"replies":[{"embeddable":true,"href":"https:\/\/alexandrasimanzik.de\/index.php?rest_route=%2Fwp%2Fv2%2Fcomments&post=21"}],"version-history":[{"count":38,"href":"https:\/\/alexandrasimanzik.de\/index.php?rest_route=\/wp\/v2\/pages\/21\/revisions"}],"predecessor-version":[{"id":1136,"href":"https:\/\/alexandrasimanzik.de\/index.php?rest_route=\/wp\/v2\/pages\/21\/revisions\/1136"}],"wp:attachment":[{"href":"https:\/\/alexandrasimanzik.de\/index.php?rest_route=%2Fwp%2Fv2%2Fmedia&parent=21"}],"curies":[{"name":"wp","href":"https:\/\/api.w.org\/{rel}","templated":true}]}}